{"id":9,"date":"2024-09-17T14:35:46","date_gmt":"2024-09-17T12:35:46","guid":{"rendered":"https:\/\/isoprobat.fr\/?page_id=9"},"modified":"2024-09-19T13:49:27","modified_gmt":"2024-09-19T11:49:27","slug":"contact","status":"publish","type":"page","link":"https:\/\/isoprobat.fr\/index.php\/contact\/","title":{"rendered":"Contact"},"content":{"rendered":"<div data-colibri-id=\"9-c1\" class=\"style-489 style-local-9-c1 position-relative\">\n  <!---->\n  <div data-colibri-component=\"section\" data-colibri-id=\"9-c2\" id=\"contact\" class=\"h-section h-section-global-spacing d-flex align-items-lg-center align-items-md-center align-items-center style-490 style-local-9-c2 position-relative\">\n    <div class=\"background-wrapper\">\n      <div class=\"background-layer background-layer-media-container-lg\">\n        <!---->\n        <div class=\"overlay-layer\">\n          <div class=\"overlay-image-layer\" style=\"background-color: rgb(0, 0, 0); opacity: 0.5;\"><\/div>\n        <\/div>\n      <\/div>\n      <div class=\"background-layer background-layer-media-container-md\">\n        <!---->\n        <div class=\"overlay-layer\">\n          <div class=\"overlay-image-layer\" style=\"background-color: rgb(0, 0, 0); opacity: 0.5;\"><\/div>\n        <\/div>\n      <\/div>\n      <div class=\"background-layer background-layer-media-container\">\n        <!---->\n        <div class=\"overlay-layer\">\n          <div class=\"overlay-image-layer\" style=\"background-color: rgb(0, 0, 0); opacity: 0.5;\"><\/div>\n        <\/div>\n      <\/div>\n    <\/div>\n    <!---->\n    <div class=\"h-section-grid-container h-section-boxed-container\">\n      <!---->\n      <div data-colibri-id=\"9-c3\" class=\"h-row-container gutters-row-lg-2 gutters-row-md-2 gutters-row-2 gutters-row-v-lg-2 gutters-row-v-md-2 gutters-row-v-2 style-491 style-local-9-c3 position-relative\">\n        <!---->\n        <div class=\"h-row justify-content-lg-center justify-content-md-center justify-content-center align-items-lg-stretch align-items-md-stretch align-items-stretch gutters-col-lg-2 gutters-col-md-2 gutters-col-2 gutters-col-v-lg-2 gutters-col-v-md-2 gutters-col-v-2\">\n          <!---->\n          <div class=\"h-column h-column-container d-flex h-col-lg-auto h-col-md-auto h-col-auto style-492-outer style-local-9-c4-outer\">\n            <div data-colibri-id=\"9-c4\" class=\"d-flex h-flex-basis h-column__inner h-px-lg-0 h-px-md-0 h-px-0 v-inner-lg-0 v-inner-md-0 v-inner-0 style-492 style-local-9-c4 position-relative\">\n              <!---->\n              <!---->\n              <div class=\"w-100 h-y-container h-column__content h-column__v-align flex-basis-100 align-self-lg-start align-self-md-start align-self-start\">\n                <!---->\n                <div data-colibri-id=\"9-c5\" class=\"h-row-container gutters-row-lg-0 gutters-row-md-0 gutters-row-0 gutters-row-v-lg-0 gutters-row-v-md-0 gutters-row-v-0 style-493 style-local-9-c5 position-relative\">\n                  <!---->\n                  <div class=\"h-row justify-content-lg-center justify-content-md-center justify-content-center align-items-lg-stretch align-items-md-stretch align-items-stretch gutters-col-lg-0 gutters-col-md-0 gutters-col-0 gutters-col-v-lg-0 gutters-col-v-md-0 gutters-col-v-0\">\n                    <!---->\n                    <div class=\"h-column h-column-container d-flex h-col-lg-auto h-col-md-auto h-col-auto style-494-outer style-local-9-c6-outer\">\n                      <div data-colibri-id=\"9-c6\" class=\"d-flex h-flex-basis h-column__inner h-px-lg-0 h-px-md-0 h-px-0 v-inner-lg-0 v-inner-md-0 v-inner-0 style-494 style-local-9-c6 position-relative\">\n                        <!---->\n                        <!---->\n                        <div class=\"w-100 h-y-container h-column__content h-column__v-align flex-basis-100 align-self-lg-center align-self-md-center align-self-center\">\n                          <!---->\n                          <div data-colibri-id=\"9-c7\" class=\"h-global-transition-all h-heading style-495 style-local-9-c7 position-relative h-element\">\n                            <!---->\n                            <div class=\"h-heading__outer style-495 style-local-9-c7\">\n                              <!---->\n                              <!---->\n                              <h4 class=\"\">contact information<\/h4>\n                            <\/div>\n                          <\/div>\n                          <div data-colibri-id=\"9-c8\" class=\"h-icon style-496 style-local-9-c8 position-relative h-element\">\n                            <!----><span class=\"h-svg-icon h-icon__icon style-496-icon style-local-9-c8-icon\"><!--Icon by Icons8 Line Awesome (https:\/\/icons8.com\/line-awesome)--><svg version=\"1.1\" xmlns=\"http:\/\/www.w3.org\/2000\/svg\" xmlns:xlink=\"http:\/\/www.w3.org\/1999\/xlink\" id=\"binoculars\" viewBox=\"0 0 512 545.5\"><path d=\"M176 112c29.713 0 53.785 20.558 61 48h38c7.215-27.442 31.287-48 61-48 31.48 0 56.644 23.064 62 53 30.428 7.807 56.326 27.65 68 56v.5l.5.5L503 324c5.795 13.502 9 28.423 9 44 0 61.666-50.334 112-112 112-55.546 0-101.847-40.826-110.5-94-8.688 8.553-20.476 14-33.5 14s-24.813-5.447-33.5-14c-8.653 53.174-54.954 94-110.5 94C50.334 480 0 429.666 0 368c0-17.54 4.253-34.19 11.5-49l34-95.5h.5c11.496-31.205 37.775-50.882 68-58.5 5.356-29.936 30.52-53 62-53zm0 32c-19.043 0-32 12.957-32 32v14.5l-14.5 1.5c-24.565 2.586-44.21 17.225-53.5 42v.5L64 267c14.557-6.945 30.852-11 48-11 46.792 0 86.797 29.08 103.5 70 8.577-13.29 23.658-22 40.5-22s31.923 8.71 40.5 22c16.703-40.92 56.708-70 103.5-70 17.38 0 33.794 4.377 48.5 11.5l-12-34c-.14-.34-.354-.662-.5-1-9.246-21.422-29.724-37.997-53.5-40.5l-14.5-1.5V176c0-19.043-12.957-32-32-32s-32 12.957-32 32v16h-96v-16c0-19.043-12.957-32-32-32zm-64 144c-32.328 0-59.852 19.073-72.5 46.5-.28.606-.235 1.387-.5 2-4.2 9.743-7 20.17-7 31.5 0 44.372 35.628 80 80 80s80-35.628 80-80-35.628-80-80-80zm288 0c-44.372 0-80 35.628-80 80s35.628 80 80 80 80-35.628 80-80-35.628-80-80-80zm-144 48c-9.026 0-16 6.974-16 16s6.974 16 16 16 16-6.974 16-16-6.974-16-16-16z\"><\/path><\/svg><\/span><\/div>\n                        <\/div>\n                      <\/div>\n                    <\/div>\n                    <div class=\"h-column h-column-container d-flex h-col-lg-auto h-col-md-auto h-col-auto style-499-outer style-local-9-c9-outer\">\n                      <div data-colibri-id=\"9-c9\" class=\"d-flex h-flex-basis h-column__inner h-px-lg-0 h-px-md-0 h-px-0 v-inner-lg-0 v-inner-md-0 v-inner-0 style-499 style-local-9-c9 position-relative\">\n                        <!---->\n                        <!---->\n                        <div class=\"w-100 h-y-container h-column__content h-column__v-align flex-basis-100 align-self-lg-center align-self-md-center align-self-center\">\n                          <!---->\n                          <div data-colibri-id=\"9-c10\" class=\"h-contact-form__outer--forminator style-500 style-local-9-c10 position-relative h-element\">\n                            <!---->\n                            <div class=\"h-global-transition-all h-global-transition h-global-transition-all h-contact-form-shortcode\"><div class=\"forminator-ui forminator-custom-form forminator-custom-form-119 forminator-design--default  forminator_ajax\" data-forminator-render=\"0\" data-form=\"forminator-module-119\" data-uid=\"69e45f8fe4190\"><br\/><\/div><form\n\t\t\t\tid=\"forminator-module-119\"\n\t\t\t\tclass=\"forminator-ui forminator-custom-form forminator-custom-form-119 forminator-design--default  forminator_ajax\"\n\t\t\t\tmethod=\"post\"\n\t\t\t\tdata-forminator-render=\"0\"\n\t\t\t\tdata-form-id=\"119\"\n\t\t\t\t data-color-option=\"default\" data-design=\"default\" data-grid=\"open\" style=\"display: none;\"\n\t\t\t\tdata-uid=\"69e45f8fe4190\"\n\t\t\t><div role=\"alert\" aria-live=\"polite\" class=\"forminator-response-message forminator-error\" aria-hidden=\"true\"><\/div><div class=\"forminator-row\"><div id=\"name-1\" class=\"forminator-field-name forminator-col forminator-col-12 \"><div class=\"forminator-field\"><label for=\"forminator-field-name-1_69e45f8fe4190\" id=\"forminator-field-name-1_69e45f8fe4190-label\" class=\"forminator-label\">Nom et Pr\u00e9nom <span class=\"forminator-required\">*<\/span><\/label><input type=\"text\" name=\"name-1\" value=\"\" placeholder=\"Par exemple\u00a0: Jean Lebon\" id=\"forminator-field-name-1_69e45f8fe4190\" class=\"forminator-input forminator-name--field\" aria-required=\"true\" autocomplete=\"name\" \/><\/div><\/div><\/div><div class=\"forminator-row\"><div id=\"email-1\" class=\"forminator-field-email forminator-col forminator-col-12 \"><div class=\"forminator-field\"><label for=\"forminator-field-email-1_69e45f8fe4190\" id=\"forminator-field-email-1_69e45f8fe4190-label\" class=\"forminator-label\">Email <span class=\"forminator-required\">*<\/span><\/label><input type=\"email\" name=\"email-1\" value=\"\" placeholder=\"Par exemple\u00a0: jacques@martin.com\" id=\"forminator-field-email-1_69e45f8fe4190\" class=\"forminator-input forminator-email--field\" data-required=\"1\" aria-required=\"true\" autocomplete=\"email\" \/><\/div><\/div><\/div><div class=\"forminator-row\"><div id=\"phone-1\" class=\"forminator-field-phone forminator-col forminator-col-12 \"><div class=\"forminator-field\"><label for=\"forminator-field-phone-1_69e45f8fe4190\" id=\"forminator-field-phone-1_69e45f8fe4190-label\" class=\"forminator-label\">Num\u00e9ro de t\u00e9l\u00e9phone <span class=\"forminator-required\">*<\/span><\/label><input type=\"text\" name=\"phone-1\" value=\"\" placeholder=\"Par exemple\u00a0: +1 02 03 04 05\" id=\"forminator-field-phone-1_69e45f8fe4190\" class=\"forminator-input forminator-field--phone\" data-required=\"1\" aria-required=\"true\" autocomplete=\"off\" \/><\/div><\/div><\/div><div class=\"forminator-row\"><div id=\"checkbox-1\" class=\"forminator-field-checkbox forminator-col forminator-col-12 \"><div role=\"group\" class=\"forminator-field required\" aria-labelledby=\"forminator-checkbox-group-forminator-field-checkbox-1-69e45f8fe4190-label\"><span id=\"forminator-checkbox-group-forminator-field-checkbox-1-69e45f8fe4190-label\" class=\"forminator-label\">Pour quel projet ? <span class=\"forminator-required\">*<\/span><\/span><label id=\"forminator-field-checkbox-1-1-69e45f8fe4190-label\" for=\"forminator-field-checkbox-1-1-69e45f8fe4190\" class=\"forminator-checkbox forminator-checkbox-inline\" title=\"R\u00e9novation d&#039;ampleur\"><input type=\"checkbox\" name=\"checkbox-1[]\" value=\"one\" id=\"forminator-field-checkbox-1-1-69e45f8fe4190\" aria-labelledby=\"forminator-field-checkbox-1-1-69e45f8fe4190-label\" data-calculation=\"0\"   data-hidden-behavior=\"zero\"\/><span class=\"forminator-checkbox-box\" aria-hidden=\"true\"><\/span><span class=\"forminator-checkbox-label\">R\u00e9novation d'ampleur<\/span><\/label><label id=\"forminator-field-checkbox-1-2-69e45f8fe4190-label\" for=\"forminator-field-checkbox-1-2-69e45f8fe4190\" class=\"forminator-checkbox forminator-checkbox-inline\" title=\"Panneau photovolta\u00efque\"><input type=\"checkbox\" name=\"checkbox-1[]\" value=\"two\" id=\"forminator-field-checkbox-1-2-69e45f8fe4190\" aria-labelledby=\"forminator-field-checkbox-1-2-69e45f8fe4190-label\" data-calculation=\"0\"   data-hidden-behavior=\"zero\"\/><span class=\"forminator-checkbox-box\" aria-hidden=\"true\"><\/span><span class=\"forminator-checkbox-label\">Panneau photovolta\u00efque<\/span><\/label><label id=\"forminator-field-checkbox-1-3-69e45f8fe4190-label\" for=\"forminator-field-checkbox-1-3-69e45f8fe4190\" class=\"forminator-checkbox forminator-checkbox-inline\" title=\"Pompe a chaleur\"><input type=\"checkbox\" name=\"checkbox-1[]\" value=\"Pompe-a-chaleur\" id=\"forminator-field-checkbox-1-3-69e45f8fe4190\" aria-labelledby=\"forminator-field-checkbox-1-3-69e45f8fe4190-label\" data-calculation=\"0\"   data-hidden-behavior=\"zero\"\/><span class=\"forminator-checkbox-box\" aria-hidden=\"true\"><\/span><span class=\"forminator-checkbox-label\">Pompe a chaleur<\/span><\/label><label id=\"forminator-field-checkbox-1-4-69e45f8fe4190-label\" for=\"forminator-field-checkbox-1-4-69e45f8fe4190\" class=\"forminator-checkbox forminator-checkbox-inline\" title=\"Systeme solaire combine\"><input type=\"checkbox\" name=\"checkbox-1[]\" value=\"Systeme-solaire-combine\" id=\"forminator-field-checkbox-1-4-69e45f8fe4190\" aria-labelledby=\"forminator-field-checkbox-1-4-69e45f8fe4190-label\" data-calculation=\"0\"   data-hidden-behavior=\"zero\"\/><span class=\"forminator-checkbox-box\" aria-hidden=\"true\"><\/span><span class=\"forminator-checkbox-label\">Systeme solaire combine<\/span><\/label><label id=\"forminator-field-checkbox-1-5-69e45f8fe4190-label\" for=\"forminator-field-checkbox-1-5-69e45f8fe4190\" class=\"forminator-checkbox forminator-checkbox-inline\" title=\"Professionnel\"><input type=\"checkbox\" name=\"checkbox-1[]\" value=\"Professionnel\" id=\"forminator-field-checkbox-1-5-69e45f8fe4190\" aria-labelledby=\"forminator-field-checkbox-1-5-69e45f8fe4190-label\" data-calculation=\"0\"   data-hidden-behavior=\"zero\"\/><span class=\"forminator-checkbox-box\" aria-hidden=\"true\"><\/span><span class=\"forminator-checkbox-label\">Professionnel<\/span><\/label><\/div><\/div><\/div><div class=\"forminator-row\"><div id=\"textarea-1\" class=\"forminator-field-textarea forminator-col forminator-col-12 \"><div class=\"forminator-field\"><label for=\"forminator-field-textarea-1_69e45f8fe4190\" id=\"forminator-field-textarea-1_69e45f8fe4190-label\" class=\"forminator-label\">D\u00e9tails<\/label><textarea name=\"textarea-1\" placeholder=\"Saisissez votre message\u2026\" id=\"forminator-field-textarea-1_69e45f8fe4190\" class=\"forminator-textarea\" rows=\"6\" style=\"min-height:140px;\" maxlength=\"180\" ><\/textarea><span id=\"forminator-field-textarea-1_69e45f8fe4190-description\" class=\"forminator-description\"><span data-limit=\"180\" data-type=\"characters\" data-editor=\"\">0 \/ 180<\/span><\/span><\/div><\/div><\/div><div class=\"forminator-row\"><div id=\"captcha-1\" class=\"forminator-field-captcha forminator-col forminator-col-12 \"><div class=\"forminator-captcha-left forminator-g-recaptcha\" data-theme=\"light\"  data-sitekey=\"6LcnP7YqAAAAAOMDUc0x1kHoYXNn-ES6f60ksou0\" data-size=\"normal\"><\/div> <\/div><\/div><input type=\"hidden\" name=\"referer_url\" value=\"\" \/><div class=\"forminator-row forminator-row-last\"><div class=\"forminator-col\"><div class=\"forminator-field\"><button class=\"forminator-button forminator-button-submit\">Envoyer<\/button><\/div><\/div><\/div><input type=\"hidden\" id=\"forminator_nonce\" name=\"forminator_nonce\" value=\"cd772f4d23\" \/><input type=\"hidden\" name=\"_wp_http_referer\" value=\"\/index.php\/wp-json\/wp\/v2\/pages\/9\" \/><input type=\"hidden\" name=\"form_id\" value=\"119\"><input type=\"hidden\" name=\"page_id\" value=\"9\"><input type=\"hidden\" name=\"form_type\" value=\"default\"><input type=\"hidden\" name=\"current_url\" value=\"https:\/\/isoprobat.fr\/index.php\/contact\/\"><input type=\"hidden\" name=\"render_id\" value=\"0\"><input type=\"hidden\" name=\"action\" value=\"forminator_submit_form_custom-forms\"><label for=\"input_6\" class=\"forminator-hidden\" aria-hidden=\"true\">Please do not fill in this field. <input id=\"input_6\" type=\"text\" name=\"input_6\" value=\"\" autocomplete=\"off\"><\/label><\/form><\/div>\n                          <\/div>\n                        <\/div>\n                      <\/div>\n                    <\/div>\n                  <\/div>\n                <\/div>\n              <\/div>\n            <\/div>\n          <\/div>\n        <\/div>\n      <\/div>\n    <\/div>\n  <\/div>\n<\/div>","protected":false},"excerpt":{"rendered":"<p>contact information<\/p>\n","protected":false},"author":1,"featured_media":0,"parent":0,"menu_order":0,"comment_status":"closed","ping_status":"closed","template":"page-templates\/full-width-page.php","meta":{"_monsterinsights_skip_tracking":false,"_monsterinsights_sitenote_active":false,"_monsterinsights_sitenote_note":"","_monsterinsights_sitenote_category":0,"footnotes":""},"class_list":["post-9","page","type-page","status-publish","hentry"],"aioseo_notices":[],"_links":{"self":[{"href":"https:\/\/isoprobat.fr\/index.php\/wp-json\/wp\/v2\/pages\/9","targetHints":{"allow":["GET"]}}],"collection":[{"href":"https:\/\/isoprobat.fr\/index.php\/wp-json\/wp\/v2\/pages"}],"about":[{"href":"https:\/\/isoprobat.fr\/index.php\/wp-json\/wp\/v2\/types\/page"}],"author":[{"embeddable":true,"href":"https:\/\/isoprobat.fr\/index.php\/wp-json\/wp\/v2\/users\/1"}],"replies":[{"embeddable":true,"href":"https:\/\/isoprobat.fr\/index.php\/wp-json\/wp\/v2\/comments?post=9"}],"version-history":[{"count":4,"href":"https:\/\/isoprobat.fr\/index.php\/wp-json\/wp\/v2\/pages\/9\/revisions"}],"predecessor-version":[{"id":456,"href":"https:\/\/isoprobat.fr\/index.php\/wp-json\/wp\/v2\/pages\/9\/revisions\/456"}],"wp:attachment":[{"href":"https:\/\/isoprobat.fr\/index.php\/wp-json\/wp\/v2\/media?parent=9"}],"curies":[{"name":"wp","href":"https:\/\/api.w.org\/{rel}","templated":true}]}}